{"id":561,"date":"2022-12-02T17:37:11","date_gmt":"2022-12-02T15:37:11","guid":{"rendered":"https:\/\/frutosramirez.com\/?page_id=561"},"modified":"2022-12-02T17:38:56","modified_gmt":"2022-12-02T15:38:56","slug":"politica-de-privacidad","status":"publish","type":"page","link":"https:\/\/frutosramirez.com\/es\/politica-de-privacidad\/","title":{"rendered":"Pol\u00edtica de privacidad"},"content":{"rendered":"<div class=\"wpb-content-wrapper\"><p>[vc_row][vc_column][vc_column_text el_class=\u00bbpt-5&#8243;]<\/p>\n<h2>Pol\u00edtica de privacidad<\/h2>\n<p>&nbsp;<\/p>\n<p>Esta Pol\u00edtica de privacidad describe las pol\u00edticas de Frutos Ramirez, c\/ lleida 8, Castellar del Vall\u00e8s 08211, Espa\u00f1a, correo electr\u00f3nico: frutosramirez@gmail.com, tel\u00e9fono: 937145890 sobre la recopilaci\u00f3n, uso y divulgaci\u00f3n de su informaci\u00f3n que recopilamos cuando utiliza nuestro sitio web (https:\/\/frutosramirez.com\/). (el servicio\u00bb). Al acceder o utilizar el Servicio, usted acepta la recopilaci\u00f3n, el uso y la divulgaci\u00f3n de su informaci\u00f3n de acuerdo con esta Pol\u00edtica de privacidad. Si no da su consentimiento, no acceda ni utilice el Servicio.<br \/>\nPodemos modificar esta Pol\u00edtica de privacidad en cualquier momento sin previo aviso.<\/p>\n<h3>Tus derechos:<\/h3>\n<p>Dependiendo de la ley que se aplique, puede tener derecho a acceder y rectificar o borrar sus datos personales o recibir una copia de sus datos personales, restringir u oponerse al procesamiento activo de sus datos, pedirnos que compartamos (portemos) su informaci\u00f3n personal informaci\u00f3n a otra entidad, retirar cualquier consentimiento que nos haya proporcionado para procesar sus datos, el derecho a presentar una queja ante una autoridad legal y cualquier otro derecho que pueda ser relevante seg\u00fan las leyes aplicables. Para ejercer estos derechos, puede escribirnos a frutosramirez@gmail.com. Responderemos a su solicitud de acuerdo con la ley aplicable.<br \/>\nTenga en cuenta que si no nos permite recopilar o procesar la informaci\u00f3n personal requerida o retirar el consentimiento para procesar la misma para los fines requeridos, es posible que no pueda acceder o utilizar los servicios para los que se solicit\u00f3 su informaci\u00f3n.<\/p>\n<h3>Cookies<\/h3>\n<p>Para obtener m\u00e1s informaci\u00f3n sobre c\u00f3mo usamos estos y sus opciones en relaci\u00f3n con estas tecnolog\u00edas de seguimiento, consulte nuestra Pol\u00edtica de cookies.<\/p>\n<h3>Seguridad:<\/h3>\n<p>La seguridad de su informaci\u00f3n es importante para nosotros y utilizaremos medidas de seguridad razonables para evitar la p\u00e9rdida, mal uso o alteraci\u00f3n no autorizada de su informaci\u00f3n bajo nuestro control. Sin embargo, dados los riesgos inherentes, no podemos garantizar la seguridad absoluta y, en consecuencia, no podemos asegurar ni garantizar la seguridad de cualquier informaci\u00f3n que nos transmita y lo hace bajo su propio riesgo.<\/p>\n<h3>Responsable de Quejas\/Protecci\u00f3n de Datos:<\/h3>\n<p>Si tiene alguna consulta o inquietud sobre el procesamiento de su informaci\u00f3n que est\u00e1 disponible con nosotros, puede enviar un correo electr\u00f3nico a nuestro Oficial de Quejas en Frutos Ramirez, c\/ lleida 8, correo electr\u00f3nico: frutosramirez@gmail.com. Abordaremos sus inquietudes de acuerdo con la ley aplicable.[\/vc_column_text][\/vc_column][\/vc_row][vc_row][vc_column][\/vc_column][\/vc_row]<\/p>\n<\/div>","protected":false},"excerpt":{"rendered":"<p>[vc_row][vc_column][vc_column_text el_class=\u00bbpt-5&#8243;] Pol\u00edtica de privacidad &nbsp; Esta Pol\u00edtica de privacidad describe las pol\u00edticas de Frutos Ramirez, c\/ lleida 8, Castellar del Vall\u00e8s 08211, Espa\u00f1a, correo electr\u00f3nico: frutosramirez@gmail.com, tel\u00e9fono: 937145890 sobre la recopilaci\u00f3n, uso y divulgaci\u00f3n de su informaci\u00f3n que recopilamos cuando utiliza nuestro sitio web (https:\/\/frutosramirez.com\/). (el servicio\u00bb). Al acceder o utilizar el Servicio, usted [&#8230;]<\/p>\n<p><a class=\"btn btn-secondary understrap-read-more-link\" href=\"https:\/\/frutosramirez.com\/es\/politica-de-privacidad\/\">Leer m\u00e1s&#8230;<span class=\"screen-reader-text\"> from Pol\u00edtica de privacidad<\/span><\/a><\/p>\n","protected":false},"author":1,"featured_media":0,"parent":0,"menu_order":0,"comment_status":"closed","ping_status":"open","template":"","meta":{"footnotes":""},"_links":{"self":[{"href":"https:\/\/frutosramirez.com\/es\/wp-json\/wp\/v2\/pages\/561"}],"collection":[{"href":"https:\/\/frutosramirez.com\/es\/wp-json\/wp\/v2\/pages"}],"about":[{"href":"https:\/\/frutosramirez.com\/es\/wp-json\/wp\/v2\/types\/page"}],"author":[{"embeddable":true,"href":"https:\/\/frutosramirez.com\/es\/wp-json\/wp\/v2\/users\/1"}],"replies":[{"embeddable":true,"href":"https:\/\/frutosramirez.com\/es\/wp-json\/wp\/v2\/comments?post=561"}],"version-history":[{"count":0,"href":"https:\/\/frutosramirez.com\/es\/wp-json\/wp\/v2\/pages\/561\/revisions"}],"wp:attachment":[{"href":"https:\/\/frutosramirez.com\/es\/wp-json\/wp\/v2\/media?parent=561"}],"curies":[{"name":"wp","href":"https:\/\/api.w.org\/{rel}","templated":true}]}}