{"id":482,"date":"2022-10-20T20:22:07","date_gmt":"2022-10-20T20:22:07","guid":{"rendered":"https:\/\/frutosramirez.com\/?page_id=482"},"modified":"2025-05-15T00:55:32","modified_gmt":"2025-05-14T22:55:32","slug":"home","status":"publish","type":"page","link":"https:\/\/frutosramirez.com\/es\/","title":{"rendered":"Home"},"content":{"rendered":"<div class=\"wpb-content-wrapper\"><p>[vc_row full_height=\u00bbyes\u00bb content_placement=\u00bbmiddle\u00bb css=\u00bb.vc_custom_1713282689928{background-image: url(https:\/\/frutosramirez.com\/wp-content\/uploads\/2024\/04\/restaurante_frutos.webp?id=1371) !important;background-position: center !important;background-repeat: no-repeat !important;background-size: cover !important;}\u00bb][vc_column][vc_column_text css=\u00bb\u00bb]<\/p>\n<h1 style=\"text-align: center;\">Restaurante Frutos Castellar del Vall\u00e8s &#8211; Frutos Ram\u00edrez<\/h1>\n<p>[\/vc_column_text][\/vc_column][\/vc_row][vc_row full_width=\u00bbstretch_row_content_no_spaces\u00bb el_class=\u00bbpb-5 per-emportar pb-mobile\u00bb][vc_column][vc_raw_html css=\u00bb\u00bb]JTNDZGl2JTIwY2xhc3MlM0QlMjJwcmUtdG9wJTIwcHQtNSUyMHBiLTUlMjB0ZXh0LWNlbnRlciUyMiUzRSUwQSUwOSUzQ2RpdiUyMGNsYXNzJTNEJTIyY29udGFpbmVyJTIyJTNFJTBBJTA5JTA5JTNDZGl2JTIwY2xhc3MlM0QlMjJyb3clMjIlM0UlMEElMDklMDklMDklM0NkaXYlMjBjbGFzcyUzRCUyMmNvbC1tZC0xMiUyMiUzRSUwQSUzQ2ltZyUyMHNyYyUzRCUyMmh0dHBzJTNBJTJGJTJGZnJ1dG9zcmFtaXJlei5jb20lMkZ3cC1jb250ZW50JTJGdXBsb2FkcyUyRjIwMjQlMkYwNCUyRmZydXRvcy1jYXN0ZWxsYXItY29uZWpvLWFsLWFqaWxsby5wbmclMjIlMjBhbHQlM0QlMjJyZXN0YXVyYW50ZSUyMGZydXRvcyUyMiUyMGNsYXNzJTNEJTIycGItNCUyMiUzRSUzQyUyRmltZyUzRSUwQSUwOSUwOSUwOSUwOSUzQ3AlM0VFbiUyMFJlc3RhdXJhbnRlJTIwRnJ1dG9zJTIwUmFtJUMzJUFEcmV6JTIwZWwlMjBDb25lam8lMjBhbCUyMEFqaWxsbyUyMGVzJTIwbnVlc3RybyUyMHBsYXRvJTIwZXN0cmVsbGEuJTIwTG8lMjBlbGFib3JhbW9zJTIwY29uJTIwdW5hJTIwcmVjZXRhJTIwdHJhZGljaW9uYWwlMjBxdWUlMjBzZSUyMGhhJTIwdHJhbnNtaXRpZG8lMjBkZSUyMGdlbmVyYWNpJUMzJUIzbiUyMGVuJTIwZ2VuZXJhY2klQzMlQjNuJTIwZW4lMjBudWVzdHJhJTIwZmFtaWxpYS4lMjAlM0MlMkZwJTNFJTBBJTA5JTA5JTA5JTNDJTJGZGl2JTNFJTBBJTA5JTA5JTNDJTJGZGl2JTNFJTBBJTA5JTNDJTJGZGl2JTNFJTBBJTNDJTJGZGl2JTNF[\/vc_raw_html][\/vc_column][\/vc_row][vc_row gap=\u00bb35&#8243; el_class=\u00bbpb-5 pb-mobile pt-mobile container bg-white-2&#8243;][vc_column width=\u00bb1\/2&#8243; el_class=\u00bbhome-1 pb-mobile p-mobile\u00bb][vc_raw_html css=\u00bb\u00bb]JTNDaW1nJTIwc3JjJTNEJTIyaHR0cHMlM0ElMkYlMkZmcnV0b3NyYW1pcmV6LmNvbSUyRndwLWNvbnRlbnQlMkZ1cGxvYWRzJTJGMjAyNCUyRjA0JTJGcmVzdGF1cmFudGUtZnJ1dG9zLWNhcnRhMi53ZWJwJTIyJTIwYWx0JTNEJTIyUmVzdGF1cmFudGUlMjBGcnV0b3MlMjBDYXN0ZWxsYXIlMjBkZWwlMjBWYWxsJUMzJUE4cyUyMiUyMGNsYXNzJTNEJTIyaW1nLWZsdWlkJTIyJTNF[\/vc_raw_html][vc_column_text css=\u00bb\u00bb el_class=\u00bbhome-1-text center-mobile\u00bb]<\/p>\n<h2 style=\"text-align: right;\">Men\u00fa diario<\/h2>\n<p style=\"text-align: right;\">Disponemos de amplios salones en Restaurante Frutos Ram\u00edrez para hacer su estancia lo m\u00e1s agradable posible, pudiendo celebrar todo tipo de reuniones, ya sean de tipo familiar o de negocios, ven a visitarnos en Castellar del Vall\u00e8s.<\/p>\n<p style=\"text-align: right;\"><a class=\"btn btn-primary\" href=\"menu-diario\">Ver men\u00fa diario<\/a><\/p>\n<p>[\/vc_column_text][\/vc_column][vc_column width=\u00bb1\/2&#8243; el_class=\u00bbhome-2 pt-mobile pb-mobile p-mobile\u00bb][vc_column_text css=\u00bb\u00bb el_class=\u00bbcenter-mobile\u00bb]<img decoding=\"async\" class=\"img-fluid d-none-desktop\" src=\"https:\/\/frutosramirez.com\/wp-content\/uploads\/2024\/04\/restaurante-frutos-menu2.webp\" alt=\"Restaurante Frutos Castellar del Vall\u00e8s\" \/><\/p>\n<h2>Nuestra carta<\/h2>\n<p>En Restaurante Frutos Ram\u00edrez nos avalan m\u00e1s de 50 a\u00f1os frente al negocio familiar. Os ofrecemos una amplia carta, siendo nuestro producto estrella, nuestro ya famoso Conejo al ajillo.<\/p>\n<p><a class=\"btn btn-primary\" href=\"carta\">Ver nuestra carta<\/a>[\/vc_column_text][vc_raw_html css=\u00bb\u00bb]JTNDaW1nJTIwc3JjJTNEJTIyaHR0cHMlM0ElMkYlMkZmcnV0b3NyYW1pcmV6LmNvbSUyRndwLWNvbnRlbnQlMkZ1cGxvYWRzJTJGMjAyNCUyRjA0JTJGcmVzdGF1cmFudGUtZnJ1dG9zLW1lbnUyLndlYnAlMjIlMjBhbHQlM0QlMjJSZXN0YXVyYW50ZSUyMEZydXRvcyUyMENhc3RlbGxhciUyMGRlbCUyMFZhbGwlQzMlQThzJTIyJTIwY2xhc3MlM0QlMjJpbWctZmx1aWQlMjBkLW5vbmUtbW9iaWxlJTIyJTNF[\/vc_raw_html][\/vc_column][\/vc_row][vc_row el_class=\u00bbpb-4 pt-4 pb-mobile-10 container\u00bb][vc_column el_class=\u00bbp-mobile\u00bb][vc_column_text css=\u00bb\u00bb]<\/p>\n<h2 style=\"text-align: center;\">Men\u00fa para grupos<\/h2>\n<p class=\"text-carta\" style=\"text-align: center;\">\u00bfCelebras un evento especial? Te ofrecemos men\u00fas especiales para grupos con 3 opciones diferentes para que disfrutes con tus amigos o familiares.<\/p>\n<p>[\/vc_column_text][\/vc_column][\/vc_row][vc_row gap=\u00bb35&#8243; el_class=\u00bbpb-5 pb-mobile container\u00bb][vc_column width=\u00bb1\/3&#8243; el_class=\u00bbp-mobile\u00bb][vc_raw_html css=\u00bb\u00bb el_class=\u00bbmenu-grupos-home\u00bb]JTNDYSUyMGhyZWYlM0QlMjJodHRwcyUzQSUyRiUyRmZydXRvc3JhbWlyZXouY29tJTJGZXMlMkZtZW51LTM1JTJGJTIyJTNFJTNDZGl2JTIwY2xhc3MlM0QlMjJjb25qdW50byUyMiUzRSUwQSUzQ2RpdiUyMGNsYXNzJTNEJTIydzgwJTIyJTNFJTBBJTNDaDMlMjBjbGFzcyUzRCUyMnBiLTMlMjIlM0VNZW4lQzMlQkElMjAzNSUzQyUyRmgzJTNFJTBBJTNDJTJGZGl2JTNFJTBBJTNDZGl2JTIwY2xhc3MlM0QlMjJ3MjAlMjIlM0UlMEElM0NpbWclMjBzcmMlM0QlMjJodHRwcyUzQSUyRiUyRmZydXRvc3JhbWlyZXouY29tJTJGd3AtY29udGVudCUyRnVwbG9hZHMlMkYyMDI0JTJGMDQlMkZhcnJvdy1kaWFnb25hbC5wbmclMjIlMjBhbHQlM0QlMjJmcnV0b3MlMjBjYXN0ZWxsYXIlMjIlMjAlMkYlM0UlMEElM0MlMkZkaXYlM0UlMEElM0MlMkZkaXYlM0UlM0MlMkZhJTNFJTBBJTNDcCUzRVVuYSUyMHNlbGVjY2klQzMlQjNuJTIwdmFyaWFkYSUyMGRlJTIwcGxhdG9zJTIwYSUyMHVuJTIwcHJlY2lvJTIwYXNlcXVpYmxlJTIwZGUlMjAzNSVFMiU4MiVBQyUyMHBvciUyMHBlcnNvbmElMkMlMjBhZGVjdWFkYSUyMHBhcmElMjByZXVuaW9uZXMlMjBpbmZvcm1hbGVzJTIweSUyMGNlbGVicmFjaW9uZXMlMjBjb24lMjBhbWlnb3MlMjB5JTIwZmFtaWxpYXJlcy4lM0MlMkZwJTNF[\/vc_raw_html][\/vc_column][vc_column width=\u00bb1\/3&#8243; el_class=\u00bbp-mobile\u00bb][vc_raw_html css=\u00bb\u00bb el_class=\u00bbmenu-grupos-home\u00bb]JTNDYSUyMGhyZWYlM0QlMjJodHRwcyUzQSUyRiUyRmZydXRvc3JhbWlyZXouY29tJTJGZXMlMkZtZW51LTQwJTJGJTIyJTNFJTNDZGl2JTIwY2xhc3MlM0QlMjJjb25qdW50byUyMiUzRSUwQSUzQ2RpdiUyMGNsYXNzJTNEJTIydzgwJTIyJTNFJTBBJTNDaDMlMjBjbGFzcyUzRCUyMnBiLTMlMjIlM0VNZW4lQzMlQkElMjA0MCUzQyUyRmgzJTNFJTBBJTNDJTJGZGl2JTNFJTBBJTNDZGl2JTIwY2xhc3MlM0QlMjJ3MjAlMjIlM0UlMEElM0NpbWclMjBzcmMlM0QlMjJodHRwcyUzQSUyRiUyRmZydXRvc3JhbWlyZXouY29tJTJGd3AtY29udGVudCUyRnVwbG9hZHMlMkYyMDI0JTJGMDQlMkZhcnJvdy1kaWFnb25hbC5wbmclMjIlMjBhbHQlM0QlMjJmcnV0b3MlMjBjYXN0ZWxsYXIlMjIlMjAlMkYlM0UlMEElM0MlMkZkaXYlM0UlMEElM0MlMkZkaXYlM0UlM0MlMkZhJTNFJTBBJTNDcCUzRVVuYSUyMGV4cGVyaWVuY2lhJTIwY3VsaW5hcmlhJTIwY29tcGxldGElMjB5JTIwYmllbiUyMGVsYWJvcmFkYSUyMHBvciUyMDQwJUUyJTgyJUFDJTIwcG9yJTIwcGVyc29uYSUyQyUyMGlkZWFsJTIwcGFyYSUyMG9jYXNpb25lcyUyMGVzcGVjaWFsZXMlMjBkb25kZSUyMHNlJTIwYnVzY2ElMjBkaXNmcnV0YXIlMjBkZSUyMHVuYSUyMGJ1ZW5hJTIwY29taWRhJTIwY29uJTIwdW5hJTIwdmFyaWVkYWQlMjBkZSUyMG9wY2lvbmVzLiUzQyUyRnAlM0U=[\/vc_raw_html][\/vc_column][vc_column width=\u00bb1\/3&#8243; el_class=\u00bbp-mobile\u00bb][vc_raw_html css=\u00bb\u00bb el_class=\u00bbmenu-grupos-home\u00bb]JTNDYSUyMGhyZWYlM0QlMjJodHRwcyUzQSUyRiUyRmZydXRvc3JhbWlyZXouY29tJTJGZXMlMkZtZW51LTQ1JTJGJTIyJTNFJTNDZGl2JTIwY2xhc3MlM0QlMjJjb25qdW50byUyMiUzRSUwQSUzQ2RpdiUyMGNsYXNzJTNEJTIydzgwJTIyJTNFJTBBJTNDaDMlMjBjbGFzcyUzRCUyMnBiLTMlMjIlM0VNZW4lQzMlQkElMjA0NSUzQyUyRmgzJTNFJTBBJTNDJTJGZGl2JTNFJTBBJTNDZGl2JTIwY2xhc3MlM0QlMjJ3MjAlMjIlM0UlMEElM0NpbWclMjBzcmMlM0QlMjJodHRwcyUzQSUyRiUyRmZydXRvc3JhbWlyZXouY29tJTJGd3AtY29udGVudCUyRnVwbG9hZHMlMkYyMDI0JTJGMDQlMkZhcnJvdy1kaWFnb25hbC5wbmclMjIlMjBhbHQlM0QlMjJmcnV0b3MlMjBjYXN0ZWxsYXIlMjIlMjAlMkYlM0UlMEElM0MlMkZkaXYlM0UlMEElM0MlMkZkaXYlM0UlM0MlMkZhJTNFJTBBJTNDcCUzRVVuYSUyMHByb3B1ZXN0YSUyMGdhc3Ryb24lQzMlQjNtaWNhJTIwY29uJTIwcGxhdG9zJTIwc2Ficm9zb3MlMjBwb3IlMjA0NSVFMiU4MiVBQyUyMHBvciUyMGNvbWVuc2FsJTJDJTIwcGVyZmVjdGElMjBwYXJhJTIwZXZlbnRvcyUyMGltcG9ydGFudGVzJTIweSUyMGFxdWVsbG9zJTIwcXVlJTIwZGVzZWFuJTIwdW5hJTIwY29taWRhJTIwc2F0aXNmYWN0b3JpYSUyMGElMjB1biUyMHByZWNpbyUyMG1vZGVyYWRvLiUzQyUyRnAlM0U=[\/vc_raw_html][\/vc_column][\/vc_row][vc_row el_class=\u00bbcontainer div-accordeon\u00bb][vc_column][vc_raw_html css=\u00bb\u00bb]JTNDYnV0dG9uJTIwY2xhc3MlM0QlMjJhY2NvcmRpb24lMjIlM0UlM0NoMyUzRSVDMiVCRlF1JUMzJUE5JTIwaGFjZSUyMHF1ZSUyMFJlc3RhdXJhbnRlJTIwRnJ1dG9zJTIwUmFtJUMzJUFEcmV6JTIwc2VhJTIwdW4lMjBsdWdhciUyMGVzcGVjaWFsJTIwcGFyYSUyMGRpc2ZydXRhciUyMGRlbCUyMGNvbmVqbyUyMGFsJTIwYWppbGxvJTNGJTNDJTJGaDMlM0UlM0MlMkZidXR0b24lM0UlMEElM0NkaXYlMjBjbGFzcyUzRCUyMnBhbmVsJTIyJTNFJTBBJTIwJTIwJTNDcCUzRUVuJTIwUmVzdGF1cmFudGUlMjBGcnV0b3MlMjBSYW0lQzMlQURyZXolMkMlMjBlbCUyMGNvbmVqbyUyMGFsJTIwYWppbGxvJTIwZXMlMjBtJUMzJUExcyUyMHF1ZSUyMHVuJTIwcGxhdG8lMkMlMjBlcyUyMHVuYSUyMHRyYWRpY2klQzMlQjNuJTIwZmFtaWxpYXIlMjB0cmFuc21pdGlkYSUyMGRlJTIwZ2VuZXJhY2klQzMlQjNuJTIwZW4lMjBnZW5lcmFjaSVDMyVCM24uJTIwVXRpbGl6YW1vcyUyMGluZ3JlZGllbnRlcyUyMGZyZXNjb3MlMjB5JTIwZGUlMjBsYSUyMG0lQzMlQTFzJTIwYWx0YSUyMGNhbGlkYWQlMkMlMjBzZWxlY2Npb25hZG9zJTIwY3VpZGFkb3NhbWVudGUlMjBkZSUyMHByb3ZlZWRvcmVzJTIwbG9jYWxlcy4lMjBOb3MlMjBhdmFsYW4lMjBtJUMzJUExcyUyMGRlJTIwNTAlMjBhJUMzJUIxb3MlMjBmcmVudGUlMjBhbCUyMG5lZ29jaW8lMjBmYW1pbGlhci4lM0MlMkZwJTNFJTBBJTNDJTJGZGl2JTNFJTBBJTBBJTNDYnV0dG9uJTIwY2xhc3MlM0QlMjJhY2NvcmRpb24lMjIlM0UlM0NoMyUzRSVDMiVCRlJlc3RhdXJhbnRlJTIwRnJ1dG9zJTIwUmFtJUMzJUFEcmV6JTIwZXMlMjB1biUyMGJ1ZW4lMjBsdWdhciUyMHBhcmElMjBjZWxlYnJhciUyMGV2ZW50b3MlMjBmYW1pbGlhcmVzJTIwbyUyMGRlJTIwbmVnb2Npb3MlM0YlM0MlMkZoMyUzRSUzQyUyRmJ1dHRvbiUzRSUwQSUzQ2RpdiUyMGNsYXNzJTNEJTIycGFuZWwlMjIlM0UlMEElMjAlMjAlM0NwJTNFJUMyJUExUyVDMyVBRCUyMSUyMERpc3BvbmVtb3MlMjBkZSUyMGFtcGxpb3MlMjBzYWxvbmVzJTIwcXVlJTIwcHVlZGVuJTIwYWRhcHRhcnNlJTIwYSUyMHRvZG8lMjB0aXBvJTIwZGUlMjBldmVudG9zJTJDJTIwZGVzZGUlMjByZXVuaW9uZXMlMjBmYW1pbGlhcmVzJTIwaGFzdGElMjBldmVudG9zJTIwZGUlMjBlbXByZXNhLiUyMFRlJTIwYXl1ZGFyZW1vcyUyMGElMjBvcmdhbml6YXIlMjB0dSUyMGV2ZW50byUyMGNvbiUyMHRvZG8lMjBkZXRhbGxlJTIwcGFyYSUyMHF1ZSUyMHNlYSUyMHVuJTIwJUMzJUE5eGl0by4lMjBBZGVtJUMzJUExcyUyQyUyMG9mcmVjZW1vcyUyMG1lbiVDMyVCQXMlMjBlc3BlY2lhbGVzJTIwcGFyYSUyMCUzQ2ElMjBocmVmJTNEJTIyaHR0cHMlM0ElMkYlMkZmcnV0b3NyYW1pcmV6LmNvbSUyRmVzJTJGbWVudS1wYXJhLWdydXBvcyUyMiUzRWdydXBvcy4lM0MlMkZhJTNFJTNDJTJGcCUzRSUwQSUzQyUyRmRpdiUzRSUwQSUwQSUzQ2J1dHRvbiUyMGNsYXNzJTNEJTIyYWNjb3JkaW9uJTIyJTNFJTNDaDMlM0UlQzIlQkZDJUMzJUIzbW8lMjBwdWVkbyUyMGhhY2VyJTIwdW5hJTIwcmVzZXJ2YSUyMGVuJTIwZWwlMjByZXN0YXVyYW50ZSUyMEZydXRvcyUyMFJhbSVDMyVBRHJleiUyMGRlJTIwQ2FzdGVsbGFyJTIwZGVsJTIwVmFsbCVDMyVBOHMlM0YlM0MlMkZoMyUzRSUzQyUyRmJ1dHRvbiUzRSUwQSUzQ2RpdiUyMGNsYXNzJTNEJTIycGFuZWwlMjIlM0UlMEElMjAlMjAlM0NwJTNFUHVlZGVzJTIwaGFjZXIlMjB0dSUyMHJlc2VydmElMjBsbGFtYW5kbyUyMHBvciUyMHRlbCVDMyVBOWZvbm8lMjBhbCUyMCUzQ2ElMjBocmVmJTNEJTIydGVsJTNBOTM3MTQ1ODkwJTIyJTNFOTMlMjA3MTQlMjA1OCUyMDkwJTNDJTJGYSUzRS4lMjBUYW1iaSVDMyVBOW4lMjBwdWVkZXMlMjB2ZW5pciUyMGElMjB2aXNpdGFybm9zJTIwZGlyZWN0YW1lbnRlJTIwYSUyMG51ZXN0cm8lMjByZXN0YXVyYW50ZSUyMGVuJTIwJTNDYSUyMGhyZWYlM0QlMjJodHRwcyUzQSUyRiUyRnd3dy5nb29nbGUuY29tJTJGbWFwcyUyRnBsYWNlJTJGUmVzdGF1cmFudGUlMkJGcnV0b3MlMkJSYW0lMjVDMyUyNUFEcmV6JTJGJTQwNDEuNjEyNTUyNiUyQzIuMDg2MTMzNyUyQzE3eiUyRmRhdGElM0QlMjEzbTElMjE0YjElMjE0bTYlMjEzbTUlMjExczB4MTJhNGViMGQ1NDlmOWM0MSUzQTB4YWM4M2EzOGFlNWQ5OTIwOCUyMThtMiUyMTNkNDEuNjEyNTUyNiUyMTRkMi4wODYxMzM3JTIxMTZzJTI1MkZnJTI1MkYxeGcwemcycSUzRmVudHJ5JTNEdHR1JTIyJTNFY2FsbGUlMjBMbGVpZGElMjA4JTIwZGUlMjBDYXN0ZWxsYXIlMjBkZWwlMjBWYWxsJUMzJUE4cyUzQyUyRmElM0UuJTNDJTJGcCUzRSUwQSUzQyUyRmRpdiUzRSUwQSUwQSUzQ3NjcmlwdCUzRSUwQXZhciUyMGFjYyUyMCUzRCUyMGRvY3VtZW50LmdldEVsZW1lbnRzQnlDbGFzc05hbWUlMjglMjJhY2NvcmRpb24lMjIlMjklM0IlMEF2YXIlMjBpJTNCJTBBJTBBZm9yJTIwJTI4aSUyMCUzRCUyMDAlM0IlMjBpJTIwJTNDJTIwYWNjLmxlbmd0aCUzQiUyMGklMkIlMkIlMjklMjAlN0IlMEElMjAlMjBhY2MlNUJpJTVELmFkZEV2ZW50TGlzdGVuZXIlMjglMjJjbGljayUyMiUyQyUyMGZ1bmN0aW9uJTI4JTI5JTIwJTdCJTBBJTIwJTIwJTIwJTIwdGhpcy5jbGFzc0xpc3QudG9nZ2xlJTI4JTIyYWN0aXZlJTIyJTI5JTNCJTBBJTIwJTIwJTIwJTIwdmFyJTIwcGFuZWwlMjAlM0QlMjB0aGlzLm5leHRFbGVtZW50U2libGluZyUzQiUwQSUyMCUyMCUyMCUyMGlmJTIwJTI4cGFuZWwuc3R5bGUubWF4SGVpZ2h0JTI5JTIwJTdCJTBBJTIwJTIwJTIwJTIwJTIwJTIwcGFuZWwuc3R5bGUubWF4SGVpZ2h0JTIwJTNEJTIwbnVsbCUzQiUwQSUyMCUyMCUyMCUyMCU3RCUyMGVsc2UlMjAlN0IlMEElMjAlMjAlMjAlMjAlMjAlMjBwYW5lbC5zdHlsZS5tYXhIZWlnaHQlMjAlM0QlMjBwYW5lbC5zY3JvbGxIZWlnaHQlMjAlMkIlMjAlMjJweCUyMiUzQiUwQSUyMCUyMCUyMCUyMCU3RCUyMCUwQSUyMCUyMCU3RCUyOSUzQiUwQSU3RCUwQSUzQyUyRnNjcmlwdCUzRQ==[\/vc_raw_html][\/vc_column][\/vc_row]<\/p>\n<\/div>","protected":false},"excerpt":{"rendered":"<p>[vc_row full_height=\u00bbyes\u00bb content_placement=\u00bbmiddle\u00bb css=\u00bb.vc_custom_1713282689928{background-image: url(https:\/\/frutosramirez.com\/wp-content\/uploads\/2024\/04\/restaurante_frutos.webp?id=1371) !important;background-position: center !important;background-repeat: no-repeat !important;background-size: cover !important;}\u00bb][vc_column][vc_column_text css=\u00bb\u00bb] Restaurante Frutos Castellar del Vall\u00e8s &#8211; Frutos Ram\u00edrez [\/vc_column_text][\/vc_column][\/vc_row][vc_row full_width=\u00bbstretch_row_content_no_spaces\u00bb el_class=\u00bbpb-5 per-emportar pb-mobile\u00bb][vc_column][vc_raw_html css=\u00bb\u00bb]JTNDZGl2JTIwY2xhc3MlM0QlMjJwcmUtdG9wJTIwcHQtNSUyMHBiLTUlMjB0ZXh0LWNlbnRlciUyMiUzRSUwQSUwOSUzQ2RpdiUyMGNsYXNzJTNEJTIyY29udGFpbmVyJTIyJTNFJTBBJTA5JTA5JTNDZGl2JTIwY2xhc3MlM0QlMjJyb3clMjIlM0UlMEElMDklMDklMDklM0NkaXYlMjBjbGFzcyUzRCUyMmNvbC1tZC0xMiUyMiUzRSUwQSUzQ2ltZyUyMHNyYyUzRCUyMmh0dHBzJTNBJTJGJTJGZnJ1dG9zcmFtaXJlei5jb20lMkZ3cC1jb250ZW50JTJGdXBsb2FkcyUyRjIwMjQlMkYwNCUyRmZydXRvcy1jYXN0ZWxsYXItY29uZWpvLWFsLWFqaWxsby5wbmclMjIlMjBhbHQlM0QlMjJyZXN0YXVyYW50ZSUyMGZydXRvcyUyMiUyMGNsYXNzJTNEJTIycGItNCUyMiUzRSUzQyUyRmltZyUzRSUwQSUwOSUwOSUwOSUwOSUzQ3AlM0VFbiUyMFJlc3RhdXJhbnRlJTIwRnJ1dG9zJTIwUmFtJUMzJUFEcmV6JTIwZWwlMjBDb25lam8lMjBhbCUyMEFqaWxsbyUyMGVzJTIwbnVlc3RybyUyMHBsYXRvJTIwZXN0cmVsbGEuJTIwTG8lMjBlbGFib3JhbW9zJTIwY29uJTIwdW5hJTIwcmVjZXRhJTIwdHJhZGljaW9uYWwlMjBxdWUlMjBzZSUyMGhhJTIwdHJhbnNtaXRpZG8lMjBkZSUyMGdlbmVyYWNpJUMzJUIzbiUyMGVuJTIwZ2VuZXJhY2klQzMlQjNuJTIwZW4lMjBudWVzdHJhJTIwZmFtaWxpYS4lMjAlM0MlMkZwJTNFJTBBJTA5JTA5JTA5JTNDJTJGZGl2JTNFJTBBJTA5JTA5JTNDJTJGZGl2JTNFJTBBJTA5JTNDJTJGZGl2JTNFJTBBJTNDJTJGZGl2JTNF[\/vc_raw_html][\/vc_column][\/vc_row][vc_row gap=\u00bb35&#8243; el_class=\u00bbpb-5 pb-mobile pt-mobile container bg-white-2&#8243;][vc_column width=\u00bb1\/2&#8243; el_class=\u00bbhome-1 pb-mobile p-mobile\u00bb][vc_raw_html css=\u00bb\u00bb]JTNDaW1nJTIwc3JjJTNEJTIyaHR0cHMlM0ElMkYlMkZmcnV0b3NyYW1pcmV6LmNvbSUyRndwLWNvbnRlbnQlMkZ1cGxvYWRzJTJGMjAyNCUyRjA0JTJGcmVzdGF1cmFudGUtZnJ1dG9zLWNhcnRhMi53ZWJwJTIyJTIwYWx0JTNEJTIyUmVzdGF1cmFudGUlMjBGcnV0b3MlMjBDYXN0ZWxsYXIlMjBkZWwlMjBWYWxsJUMzJUE4cyUyMiUyMGNsYXNzJTNEJTIyaW1nLWZsdWlkJTIyJTNF[\/vc_raw_html][vc_column_text css=\u00bb\u00bb el_class=\u00bbhome-1-text center-mobile\u00bb] Men\u00fa diario Disponemos de amplios salones en Restaurante Frutos Ram\u00edrez para hacer su estancia [&#8230;]<\/p>\n<p><a class=\"btn btn-secondary understrap-read-more-link\" href=\"https:\/\/frutosramirez.com\/es\/\">Leer m\u00e1s&#8230;<span class=\"screen-reader-text\"> from Home<\/span><\/a><\/p>\n","protected":false},"author":1,"featured_media":1513,"parent":0,"menu_order":0,"comment_status":"closed","ping_status":"closed","template":"","meta":{"footnotes":""},"_links":{"self":[{"href":"https:\/\/frutosramirez.com\/es\/wp-json\/wp\/v2\/pages\/482"}],"collection":[{"href":"https:\/\/frutosramirez.com\/es\/wp-json\/wp\/v2\/pages"}],"about":[{"href":"https:\/\/frutosramirez.com\/es\/wp-json\/wp\/v2\/types\/page"}],"author":[{"embeddable":true,"href":"https:\/\/frutosramirez.com\/es\/wp-json\/wp\/v2\/users\/1"}],"replies":[{"embeddable":true,"href":"https:\/\/frutosramirez.com\/es\/wp-json\/wp\/v2\/comments?post=482"}],"version-history":[{"count":68,"href":"https:\/\/frutosramirez.com\/es\/wp-json\/wp\/v2\/pages\/482\/revisions"}],"predecessor-version":[{"id":1877,"href":"https:\/\/frutosramirez.com\/es\/wp-json\/wp\/v2\/pages\/482\/revisions\/1877"}],"wp:featuredmedia":[{"embeddable":true,"href":"https:\/\/frutosramirez.com\/es\/wp-json\/wp\/v2\/media\/1513"}],"wp:attachment":[{"href":"https:\/\/frutosramirez.com\/es\/wp-json\/wp\/v2\/media?parent=482"}],"curies":[{"name":"wp","href":"https:\/\/api.w.org\/{rel}","templated":true}]}}