{"id":470,"date":"2022-10-26T15:58:25","date_gmt":"2022-10-26T15:58:25","guid":{"rendered":"https:\/\/frutosramirez.com\/?page_id=470"},"modified":"2024-04-26T01:04:41","modified_gmt":"2024-04-25T23:04:41","slug":"nosotros","status":"publish","type":"page","link":"https:\/\/frutosramirez.com\/es\/nosotros\/","title":{"rendered":"Nosotros"},"content":{"rendered":"<div class=\"wpb-content-wrapper\"><p>[vc_row full_width=\u00bbstretch_row\u00bb full_height=\u00bbyes\u00bb css=\u00bb.vc_custom_1669740022141{background-image: url(https:\/\/frutosramirez.com\/wp-content\/uploads\/2022\/11\/3-2.jpg?id=415) !important;background-position: center !important;background-repeat: no-repeat !important;background-size: cover !important;}\u00bb][vc_column][vc_column_text css=\u00bb\u00bb el_class=\u00bbtext-special\u00bb]<\/p>\n<h1 style=\"text-align: center;\">La historia de Frutos Ramirez<\/h1>\n<h2 class=\"pt-4 text-white text-center\" style=\"text-align: center;\">Sobre nosotros<\/h2>\n<p>[\/vc_column_text][\/vc_column][\/vc_row][vc_row gap=\u00bb35&#8243; content_placement=\u00bbmiddle\u00bb el_class=\u00bbpt-5 pt-mobile container\u00bb][vc_column width=\u00bb1\/2&#8243; el_class=\u00bbp-mobile\u00bb][vc_column_text el_class=\u00bbwidth400 align-center\u00bb]<\/p>\n<h3 class=\"pb-3\">Nuestra historia<\/h3>\n<p>Somos la tercera generaci\u00f3n que estamos regentando el negocio familiar. Fueron nuestros abuelos Frutos y Rita all\u00e1 por el 1958 cuando iniciaron su andadura en el mundo de la restauraci\u00f3n.<\/p>\n<p>Sus inicios fue una peque\u00f1a bodega en la que serv\u00edan vino a granel acompa\u00f1ando tal l\u00edquido con unas tapas de elaboraci\u00f3n de la abuela Rita. Estas no eran otras que el <strong><em>Conejo al ajillo<\/em><\/strong> que se serv\u00edan por trozos.[\/vc_column_text][\/vc_column][vc_column width=\u00bb1\/2&#8243; el_class=\u00bbp-mobile padding-nosotros\u00bb][vc_single_image image=\u00bb432&#8243; img_size=\u00bbfull\u00bb el_class=\u00bbopacity-7&#8243;][\/vc_column][\/vc_row][vc_row gap=\u00bb35&#8243; content_placement=\u00bbmiddle\u00bb el_class=\u00bbcontainer\u00bb][vc_column width=\u00bb1\/2&#8243; el_class=\u00bbp-mobile hidden-mobile\u00bb][vc_single_image image=\u00bb431&#8243; img_size=\u00bbfull\u00bb el_class=\u00bbhidden-mobile opacity-7&#8243;][\/vc_column][vc_column width=\u00bb1\/2&#8243; el_class=\u00bbp-mobile padding-nosotros\u00bb][vc_column_text el_class=\u00bbwidth400 align-center\u00bb]En 1976, nuestros padres Francisco y Luisa montaron el peque\u00f1o bar-restaurante actual, iniciando ellos su singladura por su propia cuenta al margen de la familia.<\/p>\n<p>Por esa \u00e9poca el conejo al ajillo ya era muy conocido por todos los alrededores, viniendo gente a comer de diferentes lugares.<\/p>\n<p>En el a\u00f1o 1986 fallece nuestro padre, responsable y cabeza visible de nuestro negocio familiar. Es entonces cuando nos hacemos responsables del negocio los tres hermanos junto a nuestra querida madre.<br \/>\n<br class=\"hidden-desktop\" \/>[\/vc_column_text][vc_single_image image=\u00bb431&#8243; img_size=\u00bbfull\u00bb el_class=\u00bbhidden-desktop opacity-7&#8243;][\/vc_column][\/vc_row][vc_row gap=\u00bb35&#8243; content_placement=\u00bbmiddle\u00bb el_class=\u00bbcontainer\u00bb][vc_column width=\u00bb1\/2&#8243; el_class=\u00bbp-mobile\u00bb][vc_column_text el_class=\u00bbwidth400 align-center\u00bb]A d\u00eda de hoy seguimos los tres hermanos regentando nuestro restaurante estando repartidas las tareas diarias: Frutos encargado de la sala y la atenci\u00f3n al p\u00fablico, Rita en la elaboraci\u00f3n de los postres y platos fr\u00edos y Sebasti\u00e1n al frente de la cocina en la elaboraci\u00f3n de nuestro tradicional <strong><em>Conejo al ajillo<\/em><\/strong> conservando la receta tradicional desde 1958.[\/vc_column_text][\/vc_column][vc_column width=\u00bb1\/2&#8243; el_class=\u00bbp-mobile padding-nosotros\u00bb][vc_single_image image=\u00bb410&#8243; img_size=\u00bbfull\u00bb][\/vc_column][\/vc_row]<\/p>\n<\/div>","protected":false},"excerpt":{"rendered":"<p>[vc_row full_width=\u00bbstretch_row\u00bb full_height=\u00bbyes\u00bb css=\u00bb.vc_custom_1669740022141{background-image: url(https:\/\/frutosramirez.com\/wp-content\/uploads\/2022\/11\/3-2.jpg?id=415) !important;background-position: center !important;background-repeat: no-repeat !important;background-size: cover !important;}\u00bb][vc_column][vc_column_text css=\u00bb\u00bb el_class=\u00bbtext-special\u00bb] La historia de Frutos Ramirez Sobre nosotros [\/vc_column_text][\/vc_column][\/vc_row][vc_row gap=\u00bb35&#8243; content_placement=\u00bbmiddle\u00bb el_class=\u00bbpt-5 pt-mobile container\u00bb][vc_column width=\u00bb1\/2&#8243; el_class=\u00bbp-mobile\u00bb][vc_column_text el_class=\u00bbwidth400 align-center\u00bb] Nuestra historia Somos la tercera generaci\u00f3n que estamos regentando el negocio familiar. Fueron nuestros abuelos Frutos y Rita all\u00e1 por el 1958 cuando iniciaron [&#8230;]<\/p>\n<p><a class=\"btn btn-secondary understrap-read-more-link\" href=\"https:\/\/frutosramirez.com\/es\/nosotros\/\">Leer m\u00e1s&#8230;<span class=\"screen-reader-text\"> from Nosotros<\/span><\/a><\/p>\n","protected":false},"author":1,"featured_media":0,"parent":0,"menu_order":0,"comment_status":"closed","ping_status":"closed","template":"","meta":{"footnotes":""},"_links":{"self":[{"href":"https:\/\/frutosramirez.com\/es\/wp-json\/wp\/v2\/pages\/470"}],"collection":[{"href":"https:\/\/frutosramirez.com\/es\/wp-json\/wp\/v2\/pages"}],"about":[{"href":"https:\/\/frutosramirez.com\/es\/wp-json\/wp\/v2\/types\/page"}],"author":[{"embeddable":true,"href":"https:\/\/frutosramirez.com\/es\/wp-json\/wp\/v2\/users\/1"}],"replies":[{"embeddable":true,"href":"https:\/\/frutosramirez.com\/es\/wp-json\/wp\/v2\/comments?post=470"}],"version-history":[{"count":8,"href":"https:\/\/frutosramirez.com\/es\/wp-json\/wp\/v2\/pages\/470\/revisions"}],"predecessor-version":[{"id":1554,"href":"https:\/\/frutosramirez.com\/es\/wp-json\/wp\/v2\/pages\/470\/revisions\/1554"}],"wp:attachment":[{"href":"https:\/\/frutosramirez.com\/es\/wp-json\/wp\/v2\/media?parent=470"}],"curies":[{"name":"wp","href":"https:\/\/api.w.org\/{rel}","templated":true}]}}