{"id":1165,"date":"2023-11-06T15:00:29","date_gmt":"2023-11-06T13:00:29","guid":{"rendered":"https:\/\/frutosramirez.com\/?page_id=1165"},"modified":"2025-12-26T14:07:31","modified_gmt":"2025-12-26T12:07:31","slug":"san-esteban","status":"publish","type":"page","link":"https:\/\/frutosramirez.com\/es\/san-esteban\/","title":{"rendered":"San Esteban"},"content":{"rendered":"<div class=\"wpb-content-wrapper\"><p>[vc_row full_width=\u00bbstretch_row\u00bb full_height=\u00bbyes\u00bb css=\u00bb.vc_custom_1699274100837{background-image: url(https:\/\/frutosramirez.com\/wp-content\/uploads\/2023\/11\/navidad-3.png?id=1159) !important;background-position: center !important;background-repeat: no-repeat !important;background-size: cover !important;}\u00bb][vc_column][vc_column_text]<\/p>\n<h1 style=\"text-align: center;\">Men\u00fa San Esteban<\/h1>\n<p>[\/vc_column_text][\/vc_column][\/vc_row][vc_row][vc_column][vc_column_text css=\u00bb\u00bb el_class=\u00bbproduct text-center pb-4 print-hidden\u00bb]<img decoding=\"async\" class=\"pb-2 aligncenter\" style=\"filter: invert(1);\" src=\"https:\/\/frutosramirez.com\/wp-content\/uploads\/2022\/10\/logo-frutos-ramirez.png\" alt=\"Logo frutos\" \/><\/p>\n<p style=\"font-size: 1.4rem; text-align: center;\">Men\u00fa San Esteban<\/p>\n<p>[\/vc_column_text][\/vc_column][\/vc_row][vc_row el_class=\u00bbpt-4 pb-4 menu-diario\u00bb el_id=\u00bbimprimir\u00bb][vc_column el_class=\u00bbp-mobile\u00bb][vc_column_text css=\u00bb\u00bb]<\/p>\n<h3 style=\"text-align: center;\">Aperitivos<\/h3>\n<p>[\/vc_column_text][vc_column_text css=\u00bb\u00bb el_class=\u00bbproduct text-center pb-4&#8243;]Crema de alcachofas con virutas de jam\u00f3n de bellota<\/p>\n<p>Cruas\u00e1n relleno de t\u00e1rtaro de tomate<\/p>\n<p>El Meloso de Ternera &#8211; Versi\u00f3n biquini con t\u00e1rtara<\/p>\n<p>Carpaccio de at\u00fan reposado en brioche tostado<\/p>\n<p>Croqueta de rabo de toro<\/p>\n<p>Torradita de foie con reducci\u00f3n de Pedro Xim\u00e9nez[\/vc_column_text][vc_column_text css=\u00bb\u00bb]<\/p>\n<h3 style=\"text-align: center;\">Para compartir<\/h3>\n<p>[\/vc_column_text][vc_column_text css=\u00bb\u00bb el_class=\u00bbproduct text-center pb-4&#8243;]<\/p>\n<p class=\"p1\">Jam\u00f3n de bellota con pan tostado de masa madre<\/p>\n<p>Gambas al ajillo[\/vc_column_text][vc_column_text css=\u00bb\u00bb]<\/p>\n<h3 style=\"text-align: center;\">Segundo a elegir<\/h3>\n<p>[\/vc_column_text][vc_column_text css=\u00bb\u00bb el_class=\u00bbproduct text-center pb-4&#8243;]<\/p>\n<p class=\"p1\"><span class=\"s1\">Conejo al ajillo<\/span><\/p>\n<p>Bacalao gratinado con alioli de romesco<\/p>\n<p class=\"p1\">Timbal de cordero con su reducci\u00f3n y crema de queso manchego al romero<\/p>\n<p class=\"p1\">Entrecot de ternera con salsa de ceps<\/p>\n<p>Canelones trufados de Navidad[\/vc_column_text][vc_column_text css=\u00bb\u00bb]<\/p>\n<h3 style=\"text-align: center;\">Postre<\/h3>\n<p>[\/vc_column_text][vc_column_text css=\u00bb\u00bb el_class=\u00bbproduct text-center pb-4&#8243;]<\/p>\n<p class=\"p1\">Oval Rocher Turr\u00f3<\/p>\n<p>[\/vc_column_text][vc_separator color=\u00bbcustom\u00bb style=\u00bbdouble\u00bb el_width=\u00bb80&#8243; accent_color=\u00bb#d2cec3&#8243;][vc_column_text]<\/p>\n<h3 style=\"text-align: center;\">Bodega<\/h3>\n<p>[\/vc_column_text][vc_column_text css=\u00bb\u00bb el_class=\u00bbproduct text-center pb-4&#8243;]<\/p>\n<p class=\"p1\"><span class=\"s1\">Vi\u00f1a Salceda Rioja Tinto Crianza<\/span><\/p>\n<p>Palacio de Bornos Verdejo (<em>Rueda<\/em>)<\/p>\n<p class=\"p1\"><span class=\"s1\">Cava Brut Vallformosa<\/span><\/p>\n<p>[\/vc_column_text][vc_column_text]<\/p>\n<h3 style=\"text-align: center;\">Caf\u00e9s<\/h3>\n<p>[\/vc_column_text][vc_separator color=\u00bbcustom\u00bb style=\u00bbdouble\u00bb el_width=\u00bb80&#8243; accent_color=\u00bb#d2cec3&#8243;][vc_column_text css=\u00bb\u00bb]<\/p>\n<h3 style=\"text-align: center;\">65\u20ac<\/h3>\n<h4 style=\"text-align: center;\"><small>iva incl.<\/small><\/h4>\n<p>[\/vc_column_text][\/vc_column][\/vc_row]<\/p>\n<\/div>","protected":false},"excerpt":{"rendered":"<p>[vc_row full_width=\u00bbstretch_row\u00bb full_height=\u00bbyes\u00bb css=\u00bb.vc_custom_1699274100837{background-image: url(https:\/\/frutosramirez.com\/wp-content\/uploads\/2023\/11\/navidad-3.png?id=1159) !important;background-position: center !important;background-repeat: no-repeat !important;background-size: cover !important;}\u00bb][vc_column][vc_column_text] Men\u00fa San Esteban [\/vc_column_text][\/vc_column][\/vc_row][vc_row][vc_column][vc_column_text css=\u00bb\u00bb el_class=\u00bbproduct text-center pb-4 print-hidden\u00bb] Men\u00fa San Esteban [\/vc_column_text][\/vc_column][\/vc_row][vc_row el_class=\u00bbpt-4 pb-4 menu-diario\u00bb el_id=\u00bbimprimir\u00bb][vc_column el_class=\u00bbp-mobile\u00bb][vc_column_text css=\u00bb\u00bb] Aperitivos [\/vc_column_text][vc_column_text css=\u00bb\u00bb el_class=\u00bbproduct text-center pb-4&#8243;]Crema de alcachofas con virutas de jam\u00f3n de bellota Cruas\u00e1n relleno de t\u00e1rtaro de tomate El Meloso de Ternera [&#8230;]<\/p>\n<p><a class=\"btn btn-secondary understrap-read-more-link\" href=\"https:\/\/frutosramirez.com\/es\/san-esteban\/\">Leer m\u00e1s&#8230;<span class=\"screen-reader-text\"> from San Esteban<\/span><\/a><\/p>\n","protected":false},"author":1,"featured_media":0,"parent":0,"menu_order":0,"comment_status":"closed","ping_status":"closed","template":"","meta":{"footnotes":""},"_links":{"self":[{"href":"https:\/\/frutosramirez.com\/es\/wp-json\/wp\/v2\/pages\/1165"}],"collection":[{"href":"https:\/\/frutosramirez.com\/es\/wp-json\/wp\/v2\/pages"}],"about":[{"href":"https:\/\/frutosramirez.com\/es\/wp-json\/wp\/v2\/types\/page"}],"author":[{"embeddable":true,"href":"https:\/\/frutosramirez.com\/es\/wp-json\/wp\/v2\/users\/1"}],"replies":[{"embeddable":true,"href":"https:\/\/frutosramirez.com\/es\/wp-json\/wp\/v2\/comments?post=1165"}],"version-history":[{"count":22,"href":"https:\/\/frutosramirez.com\/es\/wp-json\/wp\/v2\/pages\/1165\/revisions"}],"predecessor-version":[{"id":2071,"href":"https:\/\/frutosramirez.com\/es\/wp-json\/wp\/v2\/pages\/1165\/revisions\/2071"}],"wp:attachment":[{"href":"https:\/\/frutosramirez.com\/es\/wp-json\/wp\/v2\/media?parent=1165"}],"curies":[{"name":"wp","href":"https:\/\/api.w.org\/{rel}","templated":true}]}}